{"id":16762,"date":"2021-12-24T08:45:27","date_gmt":"2021-12-24T08:45:27","guid":{"rendered":"https:\/\/screentimelabs.com\/?page_id=16762"},"modified":"2022-01-24T17:58:55","modified_gmt":"2022-01-24T17:58:55","slug":"about-screen-time-labs","status":"publish","type":"page","link":"https:\/\/screentimelabs.com\/de\/about-screen-time-labs\/","title":{"rendered":"About Screen Time Labs"},"content":{"rendered":"<section class=\"section swatch-white-black pt60 section-text-no-shadow section-inner-no-shadow section-normal section-opaque\"  data-label=\"\">\n    \n    <div class=\"background-overlay grid-overlay-0 \" style=\"background-color: rgba(0,0,0,0);\"><\/div>\n\n    <div class=\"container\">\n        <div class=\"row vertical-top\">\n            <div class=\"col-md-12     text-default small-screen-default\"  ><div class=\"row \"><div class=\"col-md-6     text-default small-screen-default\"  ><header class=\"text-default  element-no-top element-short-bottom not-condensed\" data-os-animation=\"none\" data-os-animation-delay=\"0s\" >\n    <h2 class=\"bigger hairline no-bordered-header bordered-normal\" >\n        So fing alles an    <\/h2>\n    <\/header>\n<div class=\" element-no-top element-short-bottom\" data-os-animation=\"none\" data-os-animation-delay=\"0s\">\n    <p>Wie Sie vielleicht erraten haben, hat Screen Time mit Bildschirmen und Kindern begonnen. Ein Vater (Steve) brauchte eine M\u00f6glichkeit, die Zeit zu verk\u00fcrzen, die seine drei Kinder mit ihren neuen Tablets verbrachten, ohne dass er einen Timer laufen lie\u00df, n\u00f6rgelte oder noch schlimmer, seine Tablets versteckte.<\/p>\n<p>Nachdem Steve online gesucht hatte, bekam er einen Juckreiz &#8211; einen starken Juckreiz &#8211; etwas selbst zu bauen. Das Nebenprojekt wurde sp\u00e4ter zu Hause so n\u00fctzlich, dass er beschloss, es zu benennen und im Play Store f\u00fcr andere Eltern freizugeben.<\/p>\n<p>Seitdem ist Screen Time erwachsen geworden, hat das Haus seines Vaters verlassen und ist eine Partnerschaft mit ihm eingegangen <a href=\"https:\/\/www.awarenesstech.com\/\">Awareness Technology<\/a> Hunderttausenden von Familien auf der ganzen Welt zu helfen!<\/p>\n<\/div><\/div><div class=\"col-md-6     text-default small-screen-default\"  >[vc_raw_html]JTNDc2NyaXB0JTIwc3JjJTNEJTIyaHR0cHMlM0ElMkYlMkZmYXN0Lndpc3RpYS5jb20lMkZlbWJlZCUyRm1lZGlhcyUyRjkzZm5xeDAzcGEuanNvbnAlMjIlMjBhc3luYyUzRSUzQyUyRnNjcmlwdCUzRSUzQ3NjcmlwdCUyMHNyYyUzRCUyMmh0dHBzJTNBJTJGJTJGZmFzdC53aXN0aWEuY29tJTJGYXNzZXRzJTJGZXh0ZXJuYWwlMkZFLXYxLmpzJTIyJTIwYXN5bmMlM0UlM0MlMkZzY3JpcHQlM0UlM0NkaXYlMjBjbGFzcyUzRCUyMndpc3RpYV9yZXNwb25zaXZlX3BhZGRpbmclMjIlMjBzdHlsZSUzRCUyMnBhZGRpbmclM0E1Ni4yNSUyNSUyMDAlMjAwJTIwMCUzQnBvc2l0aW9uJTNBcmVsYXRpdmUlM0IlMjIlM0UlM0NkaXYlMjBjbGFzcyUzRCUyMndpc3RpYV9yZXNwb25zaXZlX3dyYXBwZXIlMjIlMjBzdHlsZSUzRCUyMmhlaWdodCUzQTEwMCUyNSUzQmxlZnQlM0EwJTNCcG9zaXRpb24lM0FhYnNvbHV0ZSUzQnRvcCUzQTAlM0J3aWR0aCUzQTEwMCUyNSUzQiUyMiUzRSUzQ2RpdiUyMGNsYXNzJTNEJTIyd2lzdGlhX2VtYmVkJTIwd2lzdGlhX2FzeW5jXzkzZm5xeDAzcGElMjB2aWRlb0ZvYW0lM0R0cnVlJTIyJTIwc3R5bGUlM0QlMjJoZWlnaHQlM0ExMDAlMjUlM0J3aWR0aCUzQTEwMCUyNSUyMiUzRSUyNm5ic3AlM0IlM0MlMkZkaXYlM0UlM0MlMkZkaXYlM0UlM0MlMkZkaXYlM0U=[\/vc_raw_html]<\/div><\/div><\/div>        <\/div>\n    <\/div>\n<\/section>\n<section class=\"section swatch-st-blue-bg-white-tx  section-text-no-shadow section-inner-no-shadow section-normal section-opaque\"  data-label=\"\">\n            <div class=\"background-media\" style=\"background-image: url(''); background-repeat:no-repeat; background-size:cover; background-attachment:fixed; background-position: 50% 0%;\" data-start=\"background-position: 50% 0px\" data-70-top-bottom=\"background-position: 50% -80px\">\n                    <\/div>\n    \n    <div class=\"background-overlay grid-overlay-0 \" style=\"background-color: ;\"><\/div>\n\n    <div class=\"container\">\n        <div class=\"row vertical-top\">\n            <div class=\"col-md-12     text-default small-screen-default\"  ><div class=\"divider-wrapper\" style=\"visibility:hidden;background-color:\">\n    <div class=\"visible-xs\" style=\"height:24px;\"><\/div>\n    <div class=\"visible-sm\" style=\"height:24px;\"><\/div>\n    <div class=\"visible-md\" style=\"height:24px;\"><\/div>\n    <div class=\"visible-lg\" style=\"height:24px;\"><\/div>\n<\/div><header class=\"text-center  element-normal-top element-no-bottom not-condensed os-animation\" data-os-animation=\"fadeInUp\" data-os-animation-delay=\"0s\" >\n    <h1 class=\"bigger hairline bordered bordered-normal\" >\n        Testimonials    <\/h1>\n    <\/header>\n<div id=\"flexslider-864\" class=\" element-short-top element-short-bottom text-center os-animation flexslider feature-slider\" data-os-animation=\"fadeIn\" data-os-animation-delay=\"0s\" data-flex-animation=\"slide\" data-flex-controls-position=\"outside\" data-flex-controlsalign=\"center\" data-flex-directions=\"hide\" data-flex-speed=\"10000\" data-flex-controls=\"show\" data-flex-slideshow=\"true\">\r\n    <ul class=\"slides\">        \r\n        <li>                <a href=\"https:\/\/screentimelabs.com\/de\/blog\/oxy_testimonial\/roger-n\/\" target=\"_self\">                     <blockquote>\r\n                        <p>Ich kaufe NIEMALS Apps, aber diese hier ist es absolut wert. Ich kann ganz einfach das Telefon UND das Tablet meines Sohnes \u00fcberwachen\/kontrollieren.<\/p>\r\n                        <div class=\"box box-small box-round\">\r\n                            <div class=\"box-dummy\"><\/div>\r\n                            <div class=\"box-inner\">\r\n                                <img decoding=\"async\" width=\"200\" height=\"200\" data-src=\"https:\/\/screentimelabs.com\/wp-content\/uploads\/2015\/08\/Roger-N1-200x200.jpg\" class=\"attachment-thumbnail size-thumbnail wp-post-image lazyload\" alt=\"\" src=\"data:image\/gif;base64,R0lGODlhAQABAAAAACH5BAEKAAEALAAAAAABAAEAAAICTAEAOw==\" style=\"--smush-placeholder-width: 200px; --smush-placeholder-aspect-ratio: 200\/200;\" \/><noscript><img decoding=\"async\" width=\"200\" height=\"200\" src=\"https:\/\/screentimelabs.com\/wp-content\/uploads\/2015\/08\/Roger-N1-200x200.jpg\" class=\"attachment-thumbnail size-thumbnail wp-post-image\" alt=\"\" \/><\/noscript>                            <\/div>\r\n                        <\/div>\r\n                        <footer>Roger N                        <\/footer>\r\n                    <\/blockquote>                 <\/a>        <\/li>        \r\n        <li>                <a href=\"https:\/\/screentimelabs.com\/de\/blog\/oxy_testimonial\/andrea-brinkert-mutter-von-zwei-kindern\/\" target=\"_self\">                     <blockquote>\r\n                        <p>Danke, dass Sie eine App entwickelt haben, die mich von der Rolle des st\u00e4ndigen Vollstreckers in unserem Haus befreit. Gestern haben wir zum Beispiel unsere Tochter die Grenzen der Bildschirmzeit gemeinsam mit uns festlegen lassen, entsprechend den Werten, die wir alle als Familie zu befolgen versuchen. Und gestern Abend hat sie friedlich ihr Tageslimit erreicht. Kein Bitten, kein Erinnern, keine Schuldgef\u00fchle.<\/p>\r\n                        <div class=\"box box-small box-round\">\r\n                            <div class=\"box-dummy\"><\/div>\r\n                            <div class=\"box-inner\">\r\n                                <img decoding=\"async\" width=\"160\" height=\"160\" data-src=\"https:\/\/screentimelabs.com\/wp-content\/uploads\/2015\/08\/Andrea-Brinkert.jpg\" class=\"attachment-thumbnail size-thumbnail wp-post-image lazyload\" alt=\"\" src=\"data:image\/gif;base64,R0lGODlhAQABAAAAACH5BAEKAAEALAAAAAABAAEAAAICTAEAOw==\" style=\"--smush-placeholder-width: 160px; --smush-placeholder-aspect-ratio: 160\/160;\" \/><noscript><img decoding=\"async\" width=\"160\" height=\"160\" src=\"https:\/\/screentimelabs.com\/wp-content\/uploads\/2015\/08\/Andrea-Brinkert.jpg\" class=\"attachment-thumbnail size-thumbnail wp-post-image\" alt=\"\" \/><\/noscript>                            <\/div>\r\n                        <\/div>\r\n                        <footer>Andrea Brinkert, Mutter von zwei Kindern                        <\/footer>\r\n                    <\/blockquote>                 <\/a>        <\/li>        \r\n        <li>                <a href=\"https:\/\/screentimelabs.com\/de\/blog\/oxy_testimonial\/krista-f-mutter-von-zwei-kindern\/\" target=\"_self\">                     <blockquote>\r\n                        <p>Ich liebe diese App! Mit Screen Time kann ich kontrollieren, wann und wie lange das Tablet genutzt wird und welche Apps erlaubt und nicht erlaubt sind. Einer meiner Lieblingsaspekte dieser App ist, dass ich Aufgaben erstellen kann, die ihnen mehr Zeit geben, wenn die Aufgaben abgeschlossen sind. Sie ist einfach zu bedienen und hilft, die Bildschirmzeit zu begrenzen!<\/p>\r\n                        <div class=\"box box-small box-round\">\r\n                            <div class=\"box-dummy\"><\/div>\r\n                            <div class=\"box-inner\">\r\n                                <img decoding=\"async\" width=\"78\" height=\"78\" data-src=\"https:\/\/screentimelabs.com\/wp-content\/uploads\/2015\/08\/krista-e1441893847841-200x200-1.jpg\" class=\"attachment-thumbnail size-thumbnail wp-post-image lazyload\" alt=\"\" data-srcset=\"https:\/\/screentimelabs.com\/wp-content\/uploads\/2015\/08\/krista-e1441893847841-200x200-1.jpg 78w, https:\/\/screentimelabs.com\/wp-content\/uploads\/2015\/08\/krista-e1441893847841-200x200-1-50x50.jpg 50w\" data-sizes=\"(max-width: 78px) 100vw, 78px\" src=\"data:image\/gif;base64,R0lGODlhAQABAAAAACH5BAEKAAEALAAAAAABAAEAAAICTAEAOw==\" style=\"--smush-placeholder-width: 78px; --smush-placeholder-aspect-ratio: 78\/78;\" \/><noscript><img decoding=\"async\" width=\"78\" height=\"78\" src=\"https:\/\/screentimelabs.com\/wp-content\/uploads\/2015\/08\/krista-e1441893847841-200x200-1.jpg\" class=\"attachment-thumbnail size-thumbnail wp-post-image\" alt=\"\" srcset=\"https:\/\/screentimelabs.com\/wp-content\/uploads\/2015\/08\/krista-e1441893847841-200x200-1.jpg 78w, https:\/\/screentimelabs.com\/wp-content\/uploads\/2015\/08\/krista-e1441893847841-200x200-1-50x50.jpg 50w\" sizes=\"(max-width: 78px) 100vw, 78px\" \/><\/noscript>                            <\/div>\r\n                        <\/div>\r\n                        <footer>Krista F, Mutter von zwei Kindern                        <\/footer>\r\n                    <\/blockquote>                 <\/a>        <\/li>    <\/ul>\r\n<\/div><\/div>        <\/div>\n    <\/div>\n<\/section>\n<section class=\"section swatch-white  section-text-no-shadow section-inner-no-shadow section-normal section-opaque\"  data-label=\"\">\n    \n    <div class=\"background-overlay grid-overlay-0 \" style=\"background-color: rgba(0,0,0,0);\"><\/div>\n\n    <div class=\"container\">\n        <div class=\"row vertical-top\">\n            <div class=\"col-md-12     text-left small-screen-center\"  ><header class=\"text-center  element-medium-top element-medium-bottom not-condensed\" data-os-animation=\"none\" data-os-animation-delay=\"0s\" >\n    <h1 class=\"bigger hairline no-bordered-header bordered-normal\" >\n        Wo wir hingehen?    <\/h1>\n    <\/header>\n<\/div>        <\/div>\n    <\/div>\n<\/section>\n<section class=\"section swatch-white  section-text-no-shadow section-inner-no-shadow section-normal section-opaque\"  data-label=\"\">\n    \n    <div class=\"background-overlay grid-overlay-0 \" style=\"background-color: rgba(0,0,0,0);\"><\/div>\n\n    <div class=\"container\">\n        <div class=\"row vertical-top\">\n            <div class=\"col-md-6     text-left small-screen-center\"  ><div class=\"figure  element-medium-top element-medium-bottom image-filter-none image-filter-onhover fade-in text-center figcaption-middle fullwidth\" data-os-animation=\"none\" data-os-animation-delay=\"0s\">\n            <span class=\"figure-image\">\n    \n    <img decoding=\"async\" data-src=\"https:\/\/screentimelabs.com\/wp-content\/uploads\/2015\/03\/Setting-limits-600x600-400x400.jpg\" alt=\"Easily manage Screen Time\" title=\"Parents setting Daily Limits\" class=\"fullwidth lazyload\" src=\"data:image\/gif;base64,R0lGODlhAQABAAAAACH5BAEKAAEALAAAAAABAAEAAAICTAEAOw==\" style=\"--smush-placeholder-width: 400px; --smush-placeholder-aspect-ratio: 400\/400;\" \/><noscript><img decoding=\"async\" src=\"https:\/\/screentimelabs.com\/wp-content\/uploads\/2015\/03\/Setting-limits-600x600-400x400.jpg\" alt=\"Easily manage Screen Time\" title=\"Parents setting Daily Limits\" class=\"fullwidth\" \/><\/noscript>    \n            <\/span>\n    \n<\/div><\/div><div class=\"col-md-6     text-left small-screen-center\"  ><div class=\" element-medium-top element-medium-bottom\" data-os-animation=\"none\" data-os-animation-delay=\"0s\">\n    <p>Wir arbeiten st\u00e4ndig mit den Eltern, die die Screen Time nutzen, um unsere App zu verbessern und die Dinge einfacher zu machen.<\/p>\n<p>Mit Screen Time, die auf \u00fcber 1 Millionen Ger\u00e4ten l\u00e4uft, sind wir hier um zu bleiben und sind stolz darauf, Ihnen eine schnelle und zuverl\u00e4ssige Unterst\u00fctzung als Verpflichtung f\u00fcr diese Eltern zu bieten, die ausgeglichene Kinder in einer digitalen Welt erziehen m\u00f6chten. Wir verstehen die Bed\u00fcrfnisse der Familien aus erster Hand, weil wir selbst ein Team von Eltern sind.<\/p>\n<\/div><blockquote class=\" text-left element-short-top element-short-bottom\" data-os-animation=\"none\" data-os-animation-delay=\"0s\">\n    <p>Dies ist eine Partnerschaft mit Eltern auf der ganzen Welt.<\/p>\n\t\t\t<footer>Screen Time-Team<\/footer>\n\t<\/blockquote><div class=\" element-medium-top element-medium-bottom\" data-os-animation=\"none\" data-os-animation-delay=\"0s\">\n    <p>Willst du hallo sagen? Chatten Sie mit uns auf Twitter und Facebook , wir sind ein sozialer Haufen! Und wenn Sie in Bristol (UK) sind, kommen Sie vorbei, um eine Tasse Kaffee zu trinken. Wir sind in der Basis SetSquared Center &#8211; ein Beschleuniger f\u00fcr fr\u00fche, wachstumsstarke High-Tech-Unternehmen in Gro\u00dfbritannien.<\/p>\n<\/div><\/div>        <\/div>\n    <\/div>\n<\/section>\n<section class=\"section swatch-st-blue-bg-white-tx  section-text-shadow section-inner-shadow section-normal section-opaque\"  data-label=\"\">\n            <div class=\"background-media lazyload\" style=\"background-image:inherit; background-repeat:no-repeat; background-size:cover; background-attachment:no-scroll; background-position: 50% 0%;\" data-start=\"background-position: 50% 0px\" data-70-top-bottom=\"background-position: 50% -80px\" data-bg-image=\"url(&#039;https:\/\/screentimelabs.com\/wp-content\/uploads\/2017\/12\/Background-img.png&#039;)\">\n                    <\/div>\n    \n    <div class=\"background-overlay grid-overlay-0 \" style=\"background-color: ;\"><\/div>\n\n    <div class=\"container\">\n        <div class=\"row vertical-top\">\n            <div class=\"col-md-12     text-center small-screen-default\"  ><header class=\"text-center  element-tall-top element-no-bottom condensed\" data-os-animation=\"none\" data-os-animation-delay=\"0s\" >\n    <h1 class=\"bigger hairline bordered bordered-normal\" >\n        Gef\u00e4llt Ihnen, was Sie sehen?    <\/h1>\n            <p class=\"lead\" >Holen Sie sich einen Griff auf Ihr Familien Screen Time jetzt<\/p>\n    <\/header>\n<a href=\"https:\/\/remote.screentimelabs.com\/#\/signup?m=1\" class=\"btn btn-primary btn-lg    element-normal-top element-normal-bottom btn-custom\" target= \"_self\" data-os-animation=\"none\" data-os-animation-delay=\"0s \" style=\"background:#b1dc43 !important; color:#ffffff !important;\" >\n\tKostenlos testen! \t<\/a>\n<\/div>        <\/div>\n    <\/div>\n<\/section>\n<section class=\"section swatch-white-black footer-blog section-text-no-shadow section-inner-no-shadow section-normal section-opaque\"  data-label=\"\">\n    \n    <div class=\"background-overlay grid-overlay-0 \" style=\"background-color: ;\"><\/div>\n\n    <div class=\"container\">\n        <div class=\"row vertical-top\">\n            <div class=\"col-md-12     text-default small-screen-default\"  ><header class=\"text-left  element-short-top element-short-bottom not-condensed\" data-os-animation=\"none\" data-os-animation-delay=\"0s\" >\n    <h2 class=\"normal regular no-bordered-header bordered-normal\" >\n        Neuigkeiten aus dem Blog    <\/h2>\n    <\/header>\n<div class=\" element-short-top element-short-bottom\" data-os-animation=\"none\" data-os-animation-delay=\"0s\">\n    <p><a id=\"sign-up-button\" class=\"gtrackexternal\" style=\"display: none;\" href=\"https:\/\/remote.screentimelabs.com\/#\/signup\">Sign up<\/a><\/p>\n<\/div><\/div>        <\/div>\n    <\/div>\n<\/section>\n","protected":false},"excerpt":{"rendered":"Ich liebe diese App! Mit Screen Time kann ich kontrollieren, wann und wie lange das Tablet genutzt wird und welche","protected":false},"author":35,"featured_media":0,"parent":0,"menu_order":3,"comment_status":"open","ping_status":"closed","template":"","meta":{"footnotes":""},"class_list":["post-16762","page","type-page","status-publish","hentry"],"yoast_head":"<!-- This site is optimized with the Yoast SEO plugin v23.7 - https:\/\/yoast.com\/wordpress\/plugins\/seo\/ -->\n<title>About Screen Time Labs - Screen Time<\/title>\n<meta name=\"description\" content=\"About Screen Time Labs - With Screen Time you can manage the time your kids spend on their tablets and smartphones.Parental Control app for Android and iOS.\" \/>\n<meta name=\"robots\" content=\"index, follow, max-snippet:-1, max-image-preview:large, max-video-preview:-1\" \/>\n<link rel=\"canonical\" href=\"https:\/\/screentimelabs.com\/de\/about-screen-time-labs\/\" \/>\n<meta property=\"og:locale\" content=\"de_DE\" \/>\n<meta property=\"og:type\" content=\"article\" \/>\n<meta property=\"og:title\" content=\"About Screen Time Labs - Screen Time\" \/>\n<meta property=\"og:description\" content=\"About Screen Time Labs - With Screen Time you can manage the time your kids spend on their tablets and smartphones.Parental Control app for Android and iOS.\" \/>\n<meta property=\"og:url\" content=\"https:\/\/screentimelabs.com\/de\/about-screen-time-labs\/\" \/>\n<meta property=\"og:site_name\" content=\"Screen Time\" \/>\n<meta property=\"article:publisher\" content=\"https:\/\/www.facebook.com\/ScreenTimeLabs\/\" \/>\n<meta property=\"article:modified_time\" content=\"2022-01-24T17:58:55+00:00\" \/>\n<meta property=\"og:image\" content=\"https:\/\/screentimelabs.com\/wp-content\/uploads\/2018\/03\/WordPress-ScreenTime-Parental-Control-App-1.png\" \/>\n\t<meta property=\"og:image:width\" content=\"640\" \/>\n\t<meta property=\"og:image:height\" content=\"315\" \/>\n\t<meta property=\"og:image:type\" content=\"image\/png\" \/>\n<meta name=\"twitter:card\" content=\"summary_large_image\" \/>\n<meta name=\"twitter:site\" content=\"@screentimelabs\" \/>\n<meta name=\"twitter:label1\" content=\"Gesch\u00e4tzte Lesezeit\" \/>\n\t<meta name=\"twitter:data1\" content=\"2 Minuten\" \/>\n<script type=\"application\/ld+json\" class=\"yoast-schema-graph\">{\"@context\":\"https:\/\/schema.org\",\"@graph\":[{\"@type\":\"WebPage\",\"@id\":\"https:\/\/screentimelabs.com\/de\/about-screen-time-labs\/\",\"url\":\"https:\/\/screentimelabs.com\/de\/about-screen-time-labs\/\",\"name\":\"About Screen Time Labs - Screen Time\",\"isPartOf\":{\"@id\":\"https:\/\/screentimelabs.com\/de\/#website\"},\"datePublished\":\"2021-12-24T08:45:27+00:00\",\"dateModified\":\"2022-01-24T17:58:55+00:00\",\"description\":\"About Screen Time Labs - With Screen Time you can manage the time your kids spend on their tablets and smartphones.Parental Control app for Android and iOS.\",\"inLanguage\":\"de-DE\",\"potentialAction\":[{\"@type\":\"ReadAction\",\"target\":[\"https:\/\/screentimelabs.com\/de\/about-screen-time-labs\/\"]}]},{\"@type\":\"WebSite\",\"@id\":\"https:\/\/screentimelabs.com\/de\/#website\",\"url\":\"https:\/\/screentimelabs.com\/de\/\",\"name\":\"Screen Time\",\"description\":\"Parental Control for Apple iOS and Android\",\"publisher\":{\"@id\":\"https:\/\/screentimelabs.com\/de\/#organization\"},\"potentialAction\":[{\"@type\":\"SearchAction\",\"target\":{\"@type\":\"EntryPoint\",\"urlTemplate\":\"https:\/\/screentimelabs.com\/de\/?s={search_term_string}\"},\"query-input\":{\"@type\":\"PropertyValueSpecification\",\"valueRequired\":true,\"valueName\":\"search_term_string\"}}],\"inLanguage\":\"de-DE\"},{\"@type\":\"Organization\",\"@id\":\"https:\/\/screentimelabs.com\/de\/#organization\",\"name\":\"Screen Time\",\"url\":\"https:\/\/screentimelabs.com\/de\/\",\"logo\":{\"@type\":\"ImageObject\",\"inLanguage\":\"de-DE\",\"@id\":\"https:\/\/screentimelabs.com\/de\/#\/schema\/logo\/image\/\",\"url\":\"https:\/\/screentimelabs.com\/wp-content\/uploads\/2015\/03\/Logo-500.png\",\"contentUrl\":\"https:\/\/screentimelabs.com\/wp-content\/uploads\/2015\/03\/Logo-500.png\",\"width\":500,\"height\":171,\"caption\":\"Screen Time\"},\"image\":{\"@id\":\"https:\/\/screentimelabs.com\/de\/#\/schema\/logo\/image\/\"},\"sameAs\":[\"https:\/\/www.facebook.com\/ScreenTimeLabs\/\",\"https:\/\/x.com\/screentimelabs\",\"https:\/\/www.instagram.com\/screentimelabs\/\"]}]}<\/script>\n<!-- \/ Yoast SEO plugin. -->","yoast_head_json":{"title":"About Screen Time Labs - Screen Time","description":"About Screen Time Labs - With Screen Time you can manage the time your kids spend on their tablets and smartphones.Parental Control app for Android and iOS.","robots":{"index":"index","follow":"follow","max-snippet":"max-snippet:-1","max-image-preview":"max-image-preview:large","max-video-preview":"max-video-preview:-1"},"canonical":"https:\/\/screentimelabs.com\/de\/about-screen-time-labs\/","og_locale":"de_DE","og_type":"article","og_title":"About Screen Time Labs - Screen Time","og_description":"About Screen Time Labs - With Screen Time you can manage the time your kids spend on their tablets and smartphones.Parental Control app for Android and iOS.","og_url":"https:\/\/screentimelabs.com\/de\/about-screen-time-labs\/","og_site_name":"Screen Time","article_publisher":"https:\/\/www.facebook.com\/ScreenTimeLabs\/","article_modified_time":"2022-01-24T17:58:55+00:00","og_image":[{"width":640,"height":315,"url":"https:\/\/screentimelabs.com\/wp-content\/uploads\/2018\/03\/WordPress-ScreenTime-Parental-Control-App-1.png","type":"image\/png"}],"twitter_card":"summary_large_image","twitter_site":"@screentimelabs","twitter_misc":{"Gesch\u00e4tzte Lesezeit":"2 Minuten"},"schema":{"@context":"https:\/\/schema.org","@graph":[{"@type":"WebPage","@id":"https:\/\/screentimelabs.com\/de\/about-screen-time-labs\/","url":"https:\/\/screentimelabs.com\/de\/about-screen-time-labs\/","name":"About Screen Time Labs - Screen Time","isPartOf":{"@id":"https:\/\/screentimelabs.com\/de\/#website"},"datePublished":"2021-12-24T08:45:27+00:00","dateModified":"2022-01-24T17:58:55+00:00","description":"About Screen Time Labs - With Screen Time you can manage the time your kids spend on their tablets and smartphones.Parental Control app for Android and iOS.","inLanguage":"de-DE","potentialAction":[{"@type":"ReadAction","target":["https:\/\/screentimelabs.com\/de\/about-screen-time-labs\/"]}]},{"@type":"WebSite","@id":"https:\/\/screentimelabs.com\/de\/#website","url":"https:\/\/screentimelabs.com\/de\/","name":"Screen Time","description":"Parental Control for Apple iOS and Android","publisher":{"@id":"https:\/\/screentimelabs.com\/de\/#organization"},"potentialAction":[{"@type":"SearchAction","target":{"@type":"EntryPoint","urlTemplate":"https:\/\/screentimelabs.com\/de\/?s={search_term_string}"},"query-input":{"@type":"PropertyValueSpecification","valueRequired":true,"valueName":"search_term_string"}}],"inLanguage":"de-DE"},{"@type":"Organization","@id":"https:\/\/screentimelabs.com\/de\/#organization","name":"Screen Time","url":"https:\/\/screentimelabs.com\/de\/","logo":{"@type":"ImageObject","inLanguage":"de-DE","@id":"https:\/\/screentimelabs.com\/de\/#\/schema\/logo\/image\/","url":"https:\/\/screentimelabs.com\/wp-content\/uploads\/2015\/03\/Logo-500.png","contentUrl":"https:\/\/screentimelabs.com\/wp-content\/uploads\/2015\/03\/Logo-500.png","width":500,"height":171,"caption":"Screen Time"},"image":{"@id":"https:\/\/screentimelabs.com\/de\/#\/schema\/logo\/image\/"},"sameAs":["https:\/\/www.facebook.com\/ScreenTimeLabs\/","https:\/\/x.com\/screentimelabs","https:\/\/www.instagram.com\/screentimelabs\/"]}]}},"_links":{"self":[{"href":"https:\/\/screentimelabs.com\/de\/wp-json\/wp\/v2\/pages\/16762","targetHints":{"allow":["GET"]}}],"collection":[{"href":"https:\/\/screentimelabs.com\/de\/wp-json\/wp\/v2\/pages"}],"about":[{"href":"https:\/\/screentimelabs.com\/de\/wp-json\/wp\/v2\/types\/page"}],"author":[{"embeddable":true,"href":"https:\/\/screentimelabs.com\/de\/wp-json\/wp\/v2\/users\/35"}],"replies":[{"embeddable":true,"href":"https:\/\/screentimelabs.com\/de\/wp-json\/wp\/v2\/comments?post=16762"}],"version-history":[{"count":0,"href":"https:\/\/screentimelabs.com\/de\/wp-json\/wp\/v2\/pages\/16762\/revisions"}],"wp:attachment":[{"href":"https:\/\/screentimelabs.com\/de\/wp-json\/wp\/v2\/media?parent=16762"}],"curies":[{"name":"wp","href":"https:\/\/api.w.org\/{rel}","templated":true}]}}