{"id":16915,"date":"2021-12-28T16:50:17","date_gmt":"2021-12-28T16:50:17","guid":{"rendered":"https:\/\/screentimelabs.com\/?page_id=16915"},"modified":"2021-12-31T15:39:28","modified_gmt":"2021-12-31T15:39:28","slug":"apple-first-steps","status":"publish","type":"page","link":"https:\/\/screentimelabs.com\/de\/apple-first-steps\/","title":{"rendered":"Apple First Steps"},"content":{"rendered":"<section class=\"section swatch-white  section-text-no-shadow section-inner-no-shadow section-normal section-opaque\"  data-label=\"\">\n    \n    <div class=\"background-overlay grid-overlay-0 \" style=\"background-color: rgba(67,67,177,1);\"><\/div>\n\n    <div class=\"container-fullwidth\">\n        <div class=\"row vertical-top\">\n            <div class=\"col-md-12     text-default small-screen-default\"  ><div class=\"divider-wrapper\" style=\"visibility:hidden;background-color:\">\n    <div class=\"visible-xs\" style=\"height:24px;\"><\/div>\n    <div class=\"visible-sm\" style=\"height:24px;\"><\/div>\n    <div class=\"visible-md\" style=\"height:24px;\"><\/div>\n    <div class=\"visible-lg\" style=\"height:24px;\"><\/div>\n<\/div><div class=\" element-tall-top element-no-bottom\" data-os-animation=\"none\" data-os-animation-delay=\"0s\">\n    <div class=\"help-header\">\n<div class=\"container\">\n<h1>Erste Schritte<\/h1>\n<ul class=\"breadcrumb\">\n<li><a href=\"\/help-center\/\">Hilfe-Center<\/a><\/li>\n<li><a href=\"https:\/\/screentimelabs.com\/help-center\/android-or-apple\/\">Android oder Apple<\/a><\/li>\n<li class=\"active\">Erste Schritte (Apple)<\/li>\n<\/ul>\n<\/div>\n<\/div>\n<\/div><\/div>        <\/div>\n    <\/div>\n<\/section>\n<section class=\"section swatch-white  section-text-no-shadow section-inner-no-shadow section-normal section-opaque\"  data-label=\"\">\n    \n    <div class=\"background-overlay grid-overlay-0 \" style=\"background-color: rgba(0,0,0,0);\"><\/div>\n\n    <div class=\"container\">\n        <div class=\"row vertical-top\">\n            <div class=\"col-md-12     text-default small-screen-default\"  ><div class=\" element-short-top element-short-bottom\" data-os-animation=\"none\" data-os-animation-delay=\"0s\">\n    <p><\/p>\n<\/div><\/div>        <\/div>\n    <\/div>\n<\/section>\n<section class=\"section swatch-white  section-text-no-shadow section-inner-no-shadow section-normal section-opaque\"  data-label=\"\">\n    \n    <div class=\"background-overlay grid-overlay-0 \" style=\"background-color: rgba(0,0,0,0);\"><\/div>\n\n    <div class=\"container\">\n        <div class=\"row vertical-top\">\n            <div class=\"col-md-12     text-default small-screen-default\"  ><div class=\" element-short-top element-short-bottom\" data-os-animation=\"none\" data-os-animation-delay=\"0s\">\n    <p><\/p>\n<\/div><\/div>        <\/div>\n    <\/div>\n<\/section>\n<section class=\"section swatch-white  section-text-no-shadow section-inner-no-shadow section-normal section-opaque\"  data-label=\"\">\n    \n    <div class=\"background-overlay grid-overlay-0 \" style=\"background-color: rgba(0,0,0,0);\"><\/div>\n\n    <div class=\"container\">\n        <div class=\"row vertical-top\">\n            <div class=\"col-md-2     text-default small-screen-default\"  ><\/div><div class=\"col-md-8     text-default small-screen-default\"  ><div class=\" element-short-top element-short-bottom\" data-os-animation=\"none\" data-os-animation-delay=\"0s\">\n\t\t\t\t<div class=\"tabbable\">\n\t\t\t\t<ul class=\"nav nav-tabs\" data-tabs=\"tabs\"><!-- Nav tabs -->\n  \t  \n\t\t\t<li class=\"active\"><a href=\"#1443167662-1-23\" data-toggle=\"tab\">Normales Setup<\/a><\/li>\t      \n  \t  \t  \t\t\t<li><a href=\"#1454050844421-1-2\" data-toggle=\"tab\">Features<\/a><\/li>\t      \n  \t\t      <\/ul>\n\t\t\t\t<div class=\"tab-content\"><!-- Tab panes -->\n  \t \n  \t      \t\t\n  \t\t<div class=\"tab-pane fade in active\" id=\"1443167662-1-23\">\n  \t\t\t<div class=\" element-short-top element-short-bottom\" data-os-animation=\"none\" data-os-animation-delay=\"0s\">\n    <p><script src=\"https:\/\/fast.wistia.com\/embed\/medias\/ka0li842c9.jsonp\" async=\"\"><\/script><script src=\"https:\/\/fast.wistia.com\/assets\/external\/E-v1.js\" async=\"\"><\/script><span class=\"wistia_embed wistia_async_ka0li842c9 popover=true popoverContent=link\" style=\"display: inline;\"><a href=\"#\"><img decoding=\"async\" class=\"alignleft lazyload\" data-src=\"https:\/\/screentimelabs.com\/wp-content\/uploads\/2015\/10\/NormalSetup.png\" alt=\"\" align=\"right\" src=\"data:image\/gif;base64,R0lGODlhAQABAAAAACH5BAEKAAEALAAAAAABAAEAAAICTAEAOw==\" style=\"--smush-placeholder-width: 488px; --smush-placeholder-aspect-ratio: 488\/493;\" \/><noscript><img decoding=\"async\" class=\"alignleft\" src=\"https:\/\/screentimelabs.com\/wp-content\/uploads\/2015\/10\/NormalSetup.png\" alt=\"\" align=\"right\" \/><\/noscript><\/a><script src=\"\/\/fast.wistia.com\/assets\/external\/popover-v1.js\" charset=\"ISO-8859-1\"><\/script><\/span><\/p>\n<p>Installieren Sie Screen Time zun\u00e4chst auf Ihrem (elterlichen) Ger\u00e4t und folgen Sie dann den Anweisungen, um es auf dem Ger\u00e4t Ihres Kindes einzurichten. Ganz einfach!<\/p>\n<p>Wenn Sie lieber die Schritte zur Installation sehen m\u00f6chten als das Video<a href=\"https:\/\/screentimelabs.com\/help\/ios-initial-setup-screens\/\"><span class=\"wistia_embed wistia_async_ka0li842c9 popover=true popoverContent=link\" style=\"display: inline;\"> hier klicken.<\/span><\/a><\/p>\n<\/div>    \t<\/div>  \n     \n  \t \n  \t    \t<div class=\"tab-pane fade\" id=\"1454050844421-1-2\">\n    \t\t<div class=\" element-short-top element-short-bottom\" data-os-animation=\"none\" data-os-animation-delay=\"0s\">\n    <div id=\"ht-kb-articles-widget-16\" class=\"widget hkb_widget_articles amr_widget\"><\/div>\n<\/div>\t\t<\/div>     \t\t\n\t \n\n<\/div>\n\t\t\t<\/div>\n\t<\/div><\/div><div class=\"col-md-2     text-default small-screen-default\"  ><\/div>        <\/div>\n    <\/div>\n<\/section>\n<section class=\"section swatch-white  section-text-no-shadow section-inner-no-shadow section-normal section-opaque\"  data-label=\"\">\n    \n    <div class=\"background-overlay grid-overlay-0 \" style=\"background-color: rgba(0,0,0,0);\"><\/div>\n\n    <div class=\"container\">\n        <div class=\"row vertical-top\">\n            <div class=\"col-md-12     text-default small-screen-default\"  ><div class=\"divider-wrapper\" style=\"visibility:hidden;background-color:\">\n    <div class=\"visible-xs\" style=\"height:24px;\"><\/div>\n    <div class=\"visible-sm\" style=\"height:24px;\"><\/div>\n    <div class=\"visible-md\" style=\"height:24px;\"><\/div>\n    <div class=\"visible-lg\" style=\"height:24px;\"><\/div>\n<\/div><div class=\"divider-wrapper\" style=\"visibility:visible;background-color:#f0f0f0\">\n    <div class=\"visible-xs\" style=\"height:2px;\"><\/div>\n    <div class=\"visible-sm\" style=\"height:2px;\"><\/div>\n    <div class=\"visible-md\" style=\"height:2px;\"><\/div>\n    <div class=\"visible-lg\" style=\"height:2px;\"><\/div>\n<\/div><header class=\"text-left  element-short-top element-short-bottom not-condensed\" data-os-animation=\"none\" data-os-animation-delay=\"0s\" >\n    <h2 class=\"normal regular no-bordered-header bordered-normal\" >\n        Neuigkeiten aus dem Blog    <\/h2>\n    <\/header>\n<div class=\"divider-wrapper\" style=\"visibility:visible;background-color:#f0f0f0\">\n    <div class=\"visible-xs\" style=\"height:2px;\"><\/div>\n    <div class=\"visible-sm\" style=\"height:2px;\"><\/div>\n    <div class=\"visible-md\" style=\"height:2px;\"><\/div>\n    <div class=\"visible-lg\" style=\"height:2px;\"><\/div>\n<\/div><\/div><div class=\"col-md-12     text-default small-screen-default\"  ><\/div>        <\/div>\n    <\/div>\n<\/section>\n","protected":false},"excerpt":{"rendered":"Erste Schritte Hilfe-Center Android oder Apple Erste Schritte (Apple) Normales Setup Features Installieren Sie Screen Time zun\u00e4chst auf Ihrem (elterlichen)","protected":false},"author":35,"featured_media":0,"parent":0,"menu_order":3,"comment_status":"closed","ping_status":"closed","template":"","meta":{"footnotes":""},"class_list":["post-16915","page","type-page","status-publish","hentry"],"yoast_head":"<!-- This site is optimized with the Yoast SEO plugin v23.7 - https:\/\/yoast.com\/wordpress\/plugins\/seo\/ -->\n<title>Apple First Steps - Screen Time<\/title>\n<meta name=\"description\" content=\"Apple First Steps - With Screen Time you can manage the time your kids spend on their tablets and smartphones.Parental Control app for Android and iOS.\" \/>\n<meta name=\"robots\" content=\"index, follow, max-snippet:-1, max-image-preview:large, max-video-preview:-1\" \/>\n<link rel=\"canonical\" href=\"https:\/\/screentimelabs.com\/de\/apple-first-steps\/\" \/>\n<meta property=\"og:locale\" content=\"de_DE\" \/>\n<meta property=\"og:type\" content=\"article\" \/>\n<meta property=\"og:title\" content=\"Apple First Steps - Screen Time\" \/>\n<meta property=\"og:description\" content=\"Apple First Steps - With Screen Time you can manage the time your kids spend on their tablets and smartphones.Parental Control app for Android and iOS.\" \/>\n<meta property=\"og:url\" content=\"https:\/\/screentimelabs.com\/de\/apple-first-steps\/\" \/>\n<meta property=\"og:site_name\" content=\"Screen Time\" \/>\n<meta property=\"article:publisher\" content=\"https:\/\/www.facebook.com\/ScreenTimeLabs\/\" \/>\n<meta property=\"article:modified_time\" content=\"2021-12-31T15:39:28+00:00\" \/>\n<meta property=\"og:image\" content=\"https:\/\/screentimelabs.com\/wp-content\/uploads\/2015\/10\/NormalSetup.png\" \/>\n<meta name=\"twitter:card\" content=\"summary_large_image\" \/>\n<meta name=\"twitter:site\" content=\"@screentimelabs\" \/>\n<meta name=\"twitter:label1\" content=\"Gesch\u00e4tzte Lesezeit\" \/>\n\t<meta name=\"twitter:data1\" content=\"1 Minute\" \/>\n<script type=\"application\/ld+json\" class=\"yoast-schema-graph\">{\"@context\":\"https:\/\/schema.org\",\"@graph\":[{\"@type\":\"WebPage\",\"@id\":\"https:\/\/screentimelabs.com\/de\/apple-first-steps\/\",\"url\":\"https:\/\/screentimelabs.com\/de\/apple-first-steps\/\",\"name\":\"Apple First Steps - Screen Time\",\"isPartOf\":{\"@id\":\"https:\/\/screentimelabs.com\/de\/#website\"},\"primaryImageOfPage\":{\"@id\":\"https:\/\/screentimelabs.com\/de\/apple-first-steps\/#primaryimage\"},\"image\":{\"@id\":\"https:\/\/screentimelabs.com\/de\/apple-first-steps\/#primaryimage\"},\"thumbnailUrl\":\"https:\/\/screentimelabs.com\/wp-content\/uploads\/2015\/10\/NormalSetup.png\",\"datePublished\":\"2021-12-28T16:50:17+00:00\",\"dateModified\":\"2021-12-31T15:39:28+00:00\",\"description\":\"Apple First Steps - With Screen Time you can manage the time your kids spend on their tablets and smartphones.Parental Control app for Android and iOS.\",\"inLanguage\":\"de-DE\",\"potentialAction\":[{\"@type\":\"ReadAction\",\"target\":[\"https:\/\/screentimelabs.com\/de\/apple-first-steps\/\"]}]},{\"@type\":\"ImageObject\",\"inLanguage\":\"de-DE\",\"@id\":\"https:\/\/screentimelabs.com\/de\/apple-first-steps\/#primaryimage\",\"url\":\"https:\/\/screentimelabs.com\/wp-content\/uploads\/2015\/10\/NormalSetup.png\",\"contentUrl\":\"https:\/\/screentimelabs.com\/wp-content\/uploads\/2015\/10\/NormalSetup.png\"},{\"@type\":\"WebSite\",\"@id\":\"https:\/\/screentimelabs.com\/de\/#website\",\"url\":\"https:\/\/screentimelabs.com\/de\/\",\"name\":\"Screen Time\",\"description\":\"Parental Control for Apple iOS and Android\",\"publisher\":{\"@id\":\"https:\/\/screentimelabs.com\/de\/#organization\"},\"potentialAction\":[{\"@type\":\"SearchAction\",\"target\":{\"@type\":\"EntryPoint\",\"urlTemplate\":\"https:\/\/screentimelabs.com\/de\/?s={search_term_string}\"},\"query-input\":{\"@type\":\"PropertyValueSpecification\",\"valueRequired\":true,\"valueName\":\"search_term_string\"}}],\"inLanguage\":\"de-DE\"},{\"@type\":\"Organization\",\"@id\":\"https:\/\/screentimelabs.com\/de\/#organization\",\"name\":\"Screen Time\",\"url\":\"https:\/\/screentimelabs.com\/de\/\",\"logo\":{\"@type\":\"ImageObject\",\"inLanguage\":\"de-DE\",\"@id\":\"https:\/\/screentimelabs.com\/de\/#\/schema\/logo\/image\/\",\"url\":\"https:\/\/screentimelabs.com\/wp-content\/uploads\/2015\/03\/Logo-500.png\",\"contentUrl\":\"https:\/\/screentimelabs.com\/wp-content\/uploads\/2015\/03\/Logo-500.png\",\"width\":500,\"height\":171,\"caption\":\"Screen Time\"},\"image\":{\"@id\":\"https:\/\/screentimelabs.com\/de\/#\/schema\/logo\/image\/\"},\"sameAs\":[\"https:\/\/www.facebook.com\/ScreenTimeLabs\/\",\"https:\/\/x.com\/screentimelabs\",\"https:\/\/www.instagram.com\/screentimelabs\/\"]}]}<\/script>\n<!-- \/ Yoast SEO plugin. -->","yoast_head_json":{"title":"Apple First Steps - Screen Time","description":"Apple First Steps - With Screen Time you can manage the time your kids spend on their tablets and smartphones.Parental Control app for Android and iOS.","robots":{"index":"index","follow":"follow","max-snippet":"max-snippet:-1","max-image-preview":"max-image-preview:large","max-video-preview":"max-video-preview:-1"},"canonical":"https:\/\/screentimelabs.com\/de\/apple-first-steps\/","og_locale":"de_DE","og_type":"article","og_title":"Apple First Steps - Screen Time","og_description":"Apple First Steps - With Screen Time you can manage the time your kids spend on their tablets and smartphones.Parental Control app for Android and iOS.","og_url":"https:\/\/screentimelabs.com\/de\/apple-first-steps\/","og_site_name":"Screen Time","article_publisher":"https:\/\/www.facebook.com\/ScreenTimeLabs\/","article_modified_time":"2021-12-31T15:39:28+00:00","og_image":[{"url":"https:\/\/screentimelabs.com\/wp-content\/uploads\/2015\/10\/NormalSetup.png"}],"twitter_card":"summary_large_image","twitter_site":"@screentimelabs","twitter_misc":{"Gesch\u00e4tzte Lesezeit":"1 Minute"},"schema":{"@context":"https:\/\/schema.org","@graph":[{"@type":"WebPage","@id":"https:\/\/screentimelabs.com\/de\/apple-first-steps\/","url":"https:\/\/screentimelabs.com\/de\/apple-first-steps\/","name":"Apple First Steps - Screen Time","isPartOf":{"@id":"https:\/\/screentimelabs.com\/de\/#website"},"primaryImageOfPage":{"@id":"https:\/\/screentimelabs.com\/de\/apple-first-steps\/#primaryimage"},"image":{"@id":"https:\/\/screentimelabs.com\/de\/apple-first-steps\/#primaryimage"},"thumbnailUrl":"https:\/\/screentimelabs.com\/wp-content\/uploads\/2015\/10\/NormalSetup.png","datePublished":"2021-12-28T16:50:17+00:00","dateModified":"2021-12-31T15:39:28+00:00","description":"Apple First Steps - With Screen Time you can manage the time your kids spend on their tablets and smartphones.Parental Control app for Android and iOS.","inLanguage":"de-DE","potentialAction":[{"@type":"ReadAction","target":["https:\/\/screentimelabs.com\/de\/apple-first-steps\/"]}]},{"@type":"ImageObject","inLanguage":"de-DE","@id":"https:\/\/screentimelabs.com\/de\/apple-first-steps\/#primaryimage","url":"https:\/\/screentimelabs.com\/wp-content\/uploads\/2015\/10\/NormalSetup.png","contentUrl":"https:\/\/screentimelabs.com\/wp-content\/uploads\/2015\/10\/NormalSetup.png"},{"@type":"WebSite","@id":"https:\/\/screentimelabs.com\/de\/#website","url":"https:\/\/screentimelabs.com\/de\/","name":"Screen Time","description":"Parental Control for Apple iOS and Android","publisher":{"@id":"https:\/\/screentimelabs.com\/de\/#organization"},"potentialAction":[{"@type":"SearchAction","target":{"@type":"EntryPoint","urlTemplate":"https:\/\/screentimelabs.com\/de\/?s={search_term_string}"},"query-input":{"@type":"PropertyValueSpecification","valueRequired":true,"valueName":"search_term_string"}}],"inLanguage":"de-DE"},{"@type":"Organization","@id":"https:\/\/screentimelabs.com\/de\/#organization","name":"Screen Time","url":"https:\/\/screentimelabs.com\/de\/","logo":{"@type":"ImageObject","inLanguage":"de-DE","@id":"https:\/\/screentimelabs.com\/de\/#\/schema\/logo\/image\/","url":"https:\/\/screentimelabs.com\/wp-content\/uploads\/2015\/03\/Logo-500.png","contentUrl":"https:\/\/screentimelabs.com\/wp-content\/uploads\/2015\/03\/Logo-500.png","width":500,"height":171,"caption":"Screen Time"},"image":{"@id":"https:\/\/screentimelabs.com\/de\/#\/schema\/logo\/image\/"},"sameAs":["https:\/\/www.facebook.com\/ScreenTimeLabs\/","https:\/\/x.com\/screentimelabs","https:\/\/www.instagram.com\/screentimelabs\/"]}]}},"_links":{"self":[{"href":"https:\/\/screentimelabs.com\/de\/wp-json\/wp\/v2\/pages\/16915","targetHints":{"allow":["GET"]}}],"collection":[{"href":"https:\/\/screentimelabs.com\/de\/wp-json\/wp\/v2\/pages"}],"about":[{"href":"https:\/\/screentimelabs.com\/de\/wp-json\/wp\/v2\/types\/page"}],"author":[{"embeddable":true,"href":"https:\/\/screentimelabs.com\/de\/wp-json\/wp\/v2\/users\/35"}],"replies":[{"embeddable":true,"href":"https:\/\/screentimelabs.com\/de\/wp-json\/wp\/v2\/comments?post=16915"}],"version-history":[{"count":0,"href":"https:\/\/screentimelabs.com\/de\/wp-json\/wp\/v2\/pages\/16915\/revisions"}],"wp:attachment":[{"href":"https:\/\/screentimelabs.com\/de\/wp-json\/wp\/v2\/media?parent=16915"}],"curies":[{"name":"wp","href":"https:\/\/api.w.org\/{rel}","templated":true}]}}